{"id":685,"date":"2023-10-26T17:49:42","date_gmt":"2023-10-26T17:49:42","guid":{"rendered":"https:\/\/schicotex.de\/teambekleidung\/?post_type=product&#038;p=685"},"modified":"2026-04-11T15:41:57","modified_gmt":"2026-04-11T13:41:57","slug":"sweatshirt","status":"publish","type":"product","link":"https:\/\/schicotex.de\/teambekleidung\/produkt\/sweatshirt\/","title":{"rendered":"Esso Sweatshirt"},"content":{"rendered":"","protected":false},"excerpt":{"rendered":"<p>Nackenband in Kontrastfarbe, Set-In \u00c4rmel, Strickbu\u0308ndchen an \u00c4rmel und Saum, LSF (low shrinkage fleece) fu\u0308r geringeres Einlaufen, 3-f\u00e4dige Sweat-Qualit\u00e4t, innen angeraut, waschbar, optimale Form- und Waschbest\u00e4ndigkeit, nicht chemisch reinigen<\/p>\n","protected":false},"featured_media":1062,"template":"","meta":{"wds_primary_product_brand":0,"wds_primary_product_cat":0},"product_brand":[],"product_cat":[16],"product_tag":[],"class_list":{"0":"post-685","1":"product","2":"type-product","3":"status-publish","4":"has-post-thumbnail","6":"product_cat-esso-teambekleidung","8":"first","9":"instock","10":"taxable","11":"shipping-taxable","12":"purchasable","13":"product-type-variable"},"_links":{"self":[{"href":"https:\/\/schicotex.de\/teambekleidung\/wp-json\/wp\/v2\/product\/685","targetHints":{"allow":["GET"]}}],"collection":[{"href":"https:\/\/schicotex.de\/teambekleidung\/wp-json\/wp\/v2\/product"}],"about":[{"href":"https:\/\/schicotex.de\/teambekleidung\/wp-json\/wp\/v2\/types\/product"}],"wp:featuredmedia":[{"embeddable":true,"href":"https:\/\/schicotex.de\/teambekleidung\/wp-json\/wp\/v2\/media\/1062"}],"wp:attachment":[{"href":"https:\/\/schicotex.de\/teambekleidung\/wp-json\/wp\/v2\/media?parent=685"}],"wp:term":[{"taxonomy":"product_brand","embeddable":true,"href":"https:\/\/schicotex.de\/teambekleidung\/wp-json\/wp\/v2\/product_brand?post=685"},{"taxonomy":"product_cat","embeddable":true,"href":"https:\/\/schicotex.de\/teambekleidung\/wp-json\/wp\/v2\/product_cat?post=685"},{"taxonomy":"product_tag","embeddable":true,"href":"https:\/\/schicotex.de\/teambekleidung\/wp-json\/wp\/v2\/product_tag?post=685"}],"curies":[{"name":"wp","href":"https:\/\/api.w.org\/{rel}","templated":true}]}}