{"id":569,"date":"2023-10-21T17:38:54","date_gmt":"2023-10-21T17:38:54","guid":{"rendered":"https:\/\/schicotex.de\/teambekleidung\/?post_type=product&#038;p=569"},"modified":"2026-04-11T13:41:14","modified_gmt":"2026-04-11T11:41:14","slug":"polo-shirt","status":"publish","type":"product","link":"https:\/\/schicotex.de\/teambekleidung\/produkt\/polo-shirt\/","title":{"rendered":"Esso Polo Shirt"},"content":{"rendered":"","protected":false},"excerpt":{"rendered":"<p>1&#215;1 Rippstrickkragen und \u00c4rmelb\u00fcndchen, Nackenband verst\u00e4rkt, Ersatzknopf auf der Innenseite der Seitennaht, 3 Kn\u00f6pfe Tonin-<br \/>\nTon, Schultern\u00e4hte verst\u00e4rkt<\/p>\n","protected":false},"featured_media":1056,"template":"","meta":{"wds_primary_product_brand":0,"wds_primary_product_cat":0},"product_brand":[],"product_cat":[16],"product_tag":[],"class_list":{"0":"post-569","1":"product","2":"type-product","3":"status-publish","4":"has-post-thumbnail","6":"product_cat-esso-teambekleidung","8":"first","9":"instock","10":"taxable","11":"shipping-taxable","12":"purchasable","13":"product-type-variable"},"_links":{"self":[{"href":"https:\/\/schicotex.de\/teambekleidung\/wp-json\/wp\/v2\/product\/569","targetHints":{"allow":["GET"]}}],"collection":[{"href":"https:\/\/schicotex.de\/teambekleidung\/wp-json\/wp\/v2\/product"}],"about":[{"href":"https:\/\/schicotex.de\/teambekleidung\/wp-json\/wp\/v2\/types\/product"}],"wp:featuredmedia":[{"embeddable":true,"href":"https:\/\/schicotex.de\/teambekleidung\/wp-json\/wp\/v2\/media\/1056"}],"wp:attachment":[{"href":"https:\/\/schicotex.de\/teambekleidung\/wp-json\/wp\/v2\/media?parent=569"}],"wp:term":[{"taxonomy":"product_brand","embeddable":true,"href":"https:\/\/schicotex.de\/teambekleidung\/wp-json\/wp\/v2\/product_brand?post=569"},{"taxonomy":"product_cat","embeddable":true,"href":"https:\/\/schicotex.de\/teambekleidung\/wp-json\/wp\/v2\/product_cat?post=569"},{"taxonomy":"product_tag","embeddable":true,"href":"https:\/\/schicotex.de\/teambekleidung\/wp-json\/wp\/v2\/product_tag?post=569"}],"curies":[{"name":"wp","href":"https:\/\/api.w.org\/{rel}","templated":true}]}}