{"id":3295,"date":"2025-01-23T11:06:55","date_gmt":"2025-01-23T10:06:55","guid":{"rendered":"https:\/\/schicotex.de\/teambekleidung\/?post_type=product&#038;p=3295"},"modified":"2026-04-08T10:33:19","modified_gmt":"2026-04-08T08:33:19","slug":"polo-shirt-re","status":"publish","type":"product","link":"https:\/\/schicotex.de\/teambekleidung\/produkt\/polo-shirt-re\/","title":{"rendered":"Rewe Polo Shirt"},"content":{"rendered":"","protected":false},"excerpt":{"rendered":"<p>1&#215;1 Rippstrickkragen und \u00c4rmelb\u00fcndchen, Nackenband verst\u00e4rkt, Ersatzknopf auf der Innenseite der Seitennaht, 3 Kn\u00f6pfe Tonin-<br \/>\nTon, Schultern\u00e4hte verst\u00e4rkt<\/p>\n","protected":false},"featured_media":3420,"template":"","meta":{"wds_primary_product_brand":0,"wds_primary_product_cat":0},"product_brand":[],"product_cat":[127],"product_tag":[],"class_list":{"0":"post-3295","1":"product","2":"type-product","3":"status-publish","4":"has-post-thumbnail","6":"product_cat-rewe-express","8":"first","9":"instock","10":"taxable","11":"shipping-taxable","12":"purchasable","13":"product-type-variable"},"_links":{"self":[{"href":"https:\/\/schicotex.de\/teambekleidung\/wp-json\/wp\/v2\/product\/3295","targetHints":{"allow":["GET"]}}],"collection":[{"href":"https:\/\/schicotex.de\/teambekleidung\/wp-json\/wp\/v2\/product"}],"about":[{"href":"https:\/\/schicotex.de\/teambekleidung\/wp-json\/wp\/v2\/types\/product"}],"wp:featuredmedia":[{"embeddable":true,"href":"https:\/\/schicotex.de\/teambekleidung\/wp-json\/wp\/v2\/media\/3420"}],"wp:attachment":[{"href":"https:\/\/schicotex.de\/teambekleidung\/wp-json\/wp\/v2\/media?parent=3295"}],"wp:term":[{"taxonomy":"product_brand","embeddable":true,"href":"https:\/\/schicotex.de\/teambekleidung\/wp-json\/wp\/v2\/product_brand?post=3295"},{"taxonomy":"product_cat","embeddable":true,"href":"https:\/\/schicotex.de\/teambekleidung\/wp-json\/wp\/v2\/product_cat?post=3295"},{"taxonomy":"product_tag","embeddable":true,"href":"https:\/\/schicotex.de\/teambekleidung\/wp-json\/wp\/v2\/product_tag?post=3295"}],"curies":[{"name":"wp","href":"https:\/\/api.w.org\/{rel}","templated":true}]}}