{"id":1590,"date":"2024-03-26T17:33:23","date_gmt":"2024-03-26T16:33:23","guid":{"rendered":"https:\/\/schicotex.de\/teambekleidung\/?post_type=product&#038;p=1590"},"modified":"2025-12-13T10:59:27","modified_gmt":"2025-12-13T09:59:27","slug":"rias-schuerze","status":"publish","type":"product","link":"https:\/\/schicotex.de\/teambekleidung\/produkt\/rias-schuerze\/","title":{"rendered":"Rias Sch\u00fcrze"},"content":{"rendered":"","protected":false},"excerpt":{"rendered":"<p><strong>Stoff:<\/strong> Latzsch\u00fcrze Einheitsgr\u00f6\u00dfe Mischgebe 35% Baumwolle\/ 65% Polyester, waschbar bis 75\u00b0 C. trocknergeeignet<br \/>\n<strong>Ma\u00dfe:<\/strong> ca. 97 cm x ca. 78 cm Taschen auf dem Bund, Vollstick Logo Rias auf der Brust.<\/p>\n","protected":false},"featured_media":1591,"template":"","meta":{"wds_primary_product_brand":0,"wds_primary_product_cat":0},"product_brand":[],"product_cat":[16],"product_tag":[],"class_list":{"0":"post-1590","1":"product","2":"type-product","3":"status-publish","4":"has-post-thumbnail","6":"product_cat-esso-teambekleidung","8":"first","9":"instock","10":"taxable","11":"shipping-taxable","12":"purchasable","13":"product-type-simple"},"_links":{"self":[{"href":"https:\/\/schicotex.de\/teambekleidung\/wp-json\/wp\/v2\/product\/1590","targetHints":{"allow":["GET"]}}],"collection":[{"href":"https:\/\/schicotex.de\/teambekleidung\/wp-json\/wp\/v2\/product"}],"about":[{"href":"https:\/\/schicotex.de\/teambekleidung\/wp-json\/wp\/v2\/types\/product"}],"wp:featuredmedia":[{"embeddable":true,"href":"https:\/\/schicotex.de\/teambekleidung\/wp-json\/wp\/v2\/media\/1591"}],"wp:attachment":[{"href":"https:\/\/schicotex.de\/teambekleidung\/wp-json\/wp\/v2\/media?parent=1590"}],"wp:term":[{"taxonomy":"product_brand","embeddable":true,"href":"https:\/\/schicotex.de\/teambekleidung\/wp-json\/wp\/v2\/product_brand?post=1590"},{"taxonomy":"product_cat","embeddable":true,"href":"https:\/\/schicotex.de\/teambekleidung\/wp-json\/wp\/v2\/product_cat?post=1590"},{"taxonomy":"product_tag","embeddable":true,"href":"https:\/\/schicotex.de\/teambekleidung\/wp-json\/wp\/v2\/product_tag?post=1590"}],"curies":[{"name":"wp","href":"https:\/\/api.w.org\/{rel}","templated":true}]}}