{"id":1495,"date":"2024-02-28T17:43:19","date_gmt":"2024-02-28T16:43:19","guid":{"rendered":"https:\/\/schicotex.de\/teambekleidung\/?post_type=product&#038;p=1495"},"modified":"2026-04-08T16:22:05","modified_gmt":"2026-04-08T14:22:05","slug":"steppweste","status":"publish","type":"product","link":"https:\/\/schicotex.de\/teambekleidung\/produkt\/steppweste\/","title":{"rendered":"Esso Steppweste"},"content":{"rendered":"","protected":false},"excerpt":{"rendered":"<p>Innentasche, Hochwertige Front-Rei\u00dfverschl\u00fcsse, Taillierter Schnitt, Wind- und wasserabweisende Oberfl\u00e4che<\/p>\n","protected":false},"featured_media":1505,"template":"","meta":{"wds_primary_product_brand":0,"wds_primary_product_cat":0},"product_brand":[],"product_cat":[16],"product_tag":[],"class_list":{"0":"post-1495","1":"product","2":"type-product","3":"status-publish","4":"has-post-thumbnail","6":"product_cat-esso-teambekleidung","8":"first","9":"instock","10":"taxable","11":"shipping-taxable","12":"purchasable","13":"product-type-variable"},"_links":{"self":[{"href":"https:\/\/schicotex.de\/teambekleidung\/wp-json\/wp\/v2\/product\/1495","targetHints":{"allow":["GET"]}}],"collection":[{"href":"https:\/\/schicotex.de\/teambekleidung\/wp-json\/wp\/v2\/product"}],"about":[{"href":"https:\/\/schicotex.de\/teambekleidung\/wp-json\/wp\/v2\/types\/product"}],"wp:featuredmedia":[{"embeddable":true,"href":"https:\/\/schicotex.de\/teambekleidung\/wp-json\/wp\/v2\/media\/1505"}],"wp:attachment":[{"href":"https:\/\/schicotex.de\/teambekleidung\/wp-json\/wp\/v2\/media?parent=1495"}],"wp:term":[{"taxonomy":"product_brand","embeddable":true,"href":"https:\/\/schicotex.de\/teambekleidung\/wp-json\/wp\/v2\/product_brand?post=1495"},{"taxonomy":"product_cat","embeddable":true,"href":"https:\/\/schicotex.de\/teambekleidung\/wp-json\/wp\/v2\/product_cat?post=1495"},{"taxonomy":"product_tag","embeddable":true,"href":"https:\/\/schicotex.de\/teambekleidung\/wp-json\/wp\/v2\/product_tag?post=1495"}],"curies":[{"name":"wp","href":"https:\/\/api.w.org\/{rel}","templated":true}]}}