{"id":1482,"date":"2024-02-28T17:01:04","date_gmt":"2024-02-28T16:01:04","guid":{"rendered":"https:\/\/schicotex.de\/teambekleidung\/?post_type=product&#038;p=1482"},"modified":"2026-04-09T13:55:24","modified_gmt":"2026-04-09T11:55:24","slug":"softshell-weste","status":"publish","type":"product","link":"https:\/\/schicotex.de\/teambekleidung\/produkt\/softshell-weste\/","title":{"rendered":"Esso Softshellweste"},"content":{"rendered":"","protected":false},"excerpt":{"rendered":"<p>Wasserabweisend, Atmungsaktiv, Windproof, Schnell trocknend, Microfleece an Innenseite fu\u0308r zus\u00e4tzliche W\u00e4rme, YKK-Rei\u00dfverschluss am Kragen mit Kinnschutz<\/p>\n","protected":false},"featured_media":1491,"template":"","meta":{"wds_primary_product_brand":0,"wds_primary_product_cat":0},"product_brand":[],"product_cat":[16],"product_tag":[],"class_list":{"0":"post-1482","1":"product","2":"type-product","3":"status-publish","4":"has-post-thumbnail","6":"product_cat-esso-teambekleidung","8":"first","9":"instock","10":"taxable","11":"shipping-taxable","12":"purchasable","13":"product-type-variable"},"_links":{"self":[{"href":"https:\/\/schicotex.de\/teambekleidung\/wp-json\/wp\/v2\/product\/1482","targetHints":{"allow":["GET"]}}],"collection":[{"href":"https:\/\/schicotex.de\/teambekleidung\/wp-json\/wp\/v2\/product"}],"about":[{"href":"https:\/\/schicotex.de\/teambekleidung\/wp-json\/wp\/v2\/types\/product"}],"wp:featuredmedia":[{"embeddable":true,"href":"https:\/\/schicotex.de\/teambekleidung\/wp-json\/wp\/v2\/media\/1491"}],"wp:attachment":[{"href":"https:\/\/schicotex.de\/teambekleidung\/wp-json\/wp\/v2\/media?parent=1482"}],"wp:term":[{"taxonomy":"product_brand","embeddable":true,"href":"https:\/\/schicotex.de\/teambekleidung\/wp-json\/wp\/v2\/product_brand?post=1482"},{"taxonomy":"product_cat","embeddable":true,"href":"https:\/\/schicotex.de\/teambekleidung\/wp-json\/wp\/v2\/product_cat?post=1482"},{"taxonomy":"product_tag","embeddable":true,"href":"https:\/\/schicotex.de\/teambekleidung\/wp-json\/wp\/v2\/product_tag?post=1482"}],"curies":[{"name":"wp","href":"https:\/\/api.w.org\/{rel}","templated":true}]}}