{"id":421,"date":"2023-10-21T13:28:40","date_gmt":"2023-10-21T13:28:40","guid":{"rendered":"https:\/\/schicotex.de\/teambekleidung\/?page_id=421"},"modified":"2023-11-09T13:09:38","modified_gmt":"2023-11-09T12:09:38","slug":"agb","status":"publish","type":"page","link":"https:\/\/schicotex.de\/teambekleidung\/agb\/","title":{"rendered":"AGB"},"content":{"rendered":"\t\t<div data-elementor-type=\"wp-page\" data-elementor-id=\"421\" class=\"elementor elementor-421\" data-elementor-post-type=\"page\">\n\t\t\t\t\t\t<section class=\"elementor-section elementor-top-section elementor-element elementor-element-ee2458d elementor-section-boxed elementor-section-height-default elementor-section-height-default\" data-id=\"ee2458d\" data-element_type=\"section\" data-e-type=\"section\">\n\t\t\t\t\t\t<div class=\"elementor-container elementor-column-gap-default\">\n\t\t\t\t\t<div class=\"elementor-column elementor-col-100 elementor-top-column elementor-element elementor-element-a9e7614\" data-id=\"a9e7614\" data-element_type=\"column\" data-e-type=\"column\">\n\t\t\t<div class=\"elementor-widget-wrap elementor-element-populated\">\n\t\t\t\t\t\t<div class=\"elementor-element elementor-element-d495e89 elementor-widget elementor-widget-text-editor\" data-id=\"d495e89\" data-element_type=\"widget\" data-e-type=\"widget\" data-widget_type=\"text-editor.default\">\n\t\t\t\t<div class=\"elementor-widget-container\">\n\t\t\t\t\t\t\t\t\t<h1>AGB<\/h1><p>Unser Angebot richtet sich an gewerbliche Kunden.<\/p><p><strong>Informationen zur Online-Streitbeilegung:<\/strong><\/p><p>Die Europ\u00e4ische Kommission stellt eine Plattform f\u00fcr die au\u00dfergerichtliche Online-Streitbeilegung (OS-Plattform) bereit, die unter\u00a0<a href=\"http:\/\/www.ec.europa.eu\/consumers\/odr\" target=\"_blank\" rel=\"noopener\">www.ec.europa.eu\/consumers\/odr<\/a>\u00a0aufrufbar ist. Unsere E-Mail-Adresse ist\u00a0<a>info(at)schilling-textilien.de<\/a>. Wir sind weder verpflichtet noch bereit, an dem Streitschlichtungsverfahren teilzunehmen.<br \/>Bei R\u00fcckfragen informieren wir Sie gern unter\u00a0<a>info(at)schilling-textilien.de<\/a>.<\/p><p><strong>Allgemeine Verkaufsbedingungen (AVB) f\u00fcr Unternehmer<\/strong><\/p><p><strong>\u00a7 1 Allgemeines, Geltungsbereich<\/strong><\/p><p>(1) Die vorliegenden Allgemeinen Verkaufsbedingungen (AVB) gelten f\u00fcr alle Gesch\u00e4ftsbeziehungen mit unseren Kunden, wenn der Kunde Unternehmer (\u00a7 14 BGB), eine juristische Person des \u00f6ffentlichen Rechts oder ein \u00f6ffentlich-rechtliches Sonderverm\u00f6gen ist. Die AVB gelten in ihrer jeweiligen Fassung als Rahmenvereinbarung auch f\u00fcr k\u00fcnftige Vertr\u00e4ge \u00fcber den Verkauf und\/oder die Lieferung beweglicher Sachen mit demselben K\u00e4ufer, ohne dass wir in jedem Einzelfall wieder auf sie hinweisen m\u00fcssten.<br \/>(2) Unsere AVB gelten ausschlie\u00dflich. Im Einzelfall getroffene, individuelle Vereinbarungen mit Ihnen (einschlie\u00dflich Nebenabreden, Erg\u00e4nzungen und \u00c4nderungen) haben nur dann Vorrang vor diesen AVB, wenn sie von uns schriftlich best\u00e4tigt worden sind.<br \/>(3) Rechtserhebliche Erkl\u00e4rungen und Anzeigen, die nach Vertragsschluss von Ihnen uns gegen\u00fcber abzugeben sind (z.B. Fristsetzungen, M\u00e4ngelanzeigen, Erkl\u00e4rung von R\u00fccktritt oder Minderung), bed\u00fcrfen zu ihrer Wirksamkeit der Schriftform.<br \/>(4) Hinweise auf die Geltung gesetzlicher Vorschriften haben nur klarstellende Bedeutung. Auch ohne eine derartige Klarstellung gelten daher die gesetzlichen Vorschriften, soweit sie in diesen AVB nicht unmittelbar abge\u00e4ndert oder ausdr\u00fccklich ausgeschlossen werden.<\/p><p><strong>\u00a7 2 Vertragsschluss, Preise und Zahlungsbedingungen<\/strong><\/p><p>(1) Unsere Angebote sind freibleibend und unverbindlich. Dies gilt auch, wenn wir Ihnen Kataloge, sonstige Produktbeschreibungen oder Unterlagen \u2013 auch in elektronischer Form \u2013 \u00fcberlassen haben, an denen wir uns Eigentums- und Urheberrechte vorbehalten. Sofern im Einzelfall nichts anderes vereinbart ist, gelten unsere jeweils zum Zeitpunkt des Vertragsschlusses aktuellen Preise, und zwar ab Lager, zzgl. gesetzlicher Umsatzsteuer.<br \/>(2) Die Bestellung der Ware durch Sie gilt als verbindliches Vertragsangebot.<br \/>(3) Die Annahme erfolgt durch schriftliche Auftragsbest\u00e4tigung oder durch Auslieferung der Ware an Sie.<br \/>(4) Rechnungsdatum ist das der Lieferung der Ware. Der Kaufpreis ist f\u00e4llig sofort nach Versand der Ware. Die Bezahlung erfolgt ausschlie\u00dflich \u00fcber Einzugserm\u00e4chtigung.<br \/>(5) Mit Ablauf vorstehender Zahlungsfrist kommen Sie in Verzug. Der Kaufpreis ist w\u00e4hrend des Verzugs mit 10 % p.a. zu verzinsen. F\u00fcr die zweite Mahnung werden Mahngeb\u00fchren in H\u00f6he von 2,50 EUR, f\u00fcr die dritte Mahngeb\u00fchren in H\u00f6he von 5,00 EUR, f\u00fcr die vierte Mahnung solche in H\u00f6he von 10,00 EUR f\u00e4llig. Nach der 4. Mahnung werden die Forderungen an ein Inkassounternehmen \u00fcbergeben. Die hierdurch entstehenden weiteren Kosten gehen zu Ihren Lasten.<br \/>(6) Wird nach Abschluss des Vertrags erkennbar, dass unser Anspruch auf den Kaufpreis durch mangelnde Leistungsf\u00e4higkeit des K\u00e4ufers gef\u00e4hrdet wird (z.B. durch Antrag auf Er\u00f6ffnung eines Insolvenzverfahrens), so sind wir nach den gesetzlichen Vorschriften zur Leistungsverweigerung und zum R\u00fccktritt vom Vertrag berechtigt (\u00a7 321 BGB). Bei Vertr\u00e4gen \u00fcber die Herstellung unvertretbarer Sachen (Einzelanfertigungen) k\u00f6nnen wir den R\u00fccktritt sofort erkl\u00e4ren; die gesetzlichen Regelungen \u00fcber die Entbehrlichkeit der Fristsetzung bleiben unber\u00fchrt.<\/p><p><strong>\u00a7 3 Versandkosten<\/strong><\/p><p>Lieferungen erfolgen mit einem Frachtf\u00fchrer unserer Wahl. Die Transportkosten tragen Sie. Die Versandkosten betragen 6,90 \u20ac netto pro Paket nach Deutschland. Nach \u00d6sterreich betragen die Versandkosten 9,90 \u20ac netto pro Paket.<br \/>Mit den Versandkosten sind alle Kosten f\u00fcr Verpackung, Lieferpapiere und bei Normalversand \u00fcbliche Transport- und Zustellungskosten abgegolten. Soll oder muss eine Lieferung zur Einhaltung eines schriftlich vereinbarten Liefertermins per Express, Kurier oder vergleichbaren Diensten erfolgen, gehen die hierf\u00fcr anfallenden Zusatzkosten zu Ihren Lasten.<\/p><p><strong>\u00a7 4 Aufrechnung; Zur\u00fcckbehaltungsrecht<\/strong><\/p><p>Sie sind zur Aufrechnung gegen unsere Forderungen nur berechtigt, wenn Ihre Gegenanspr\u00fcche rechtskr\u00e4ftig festgestellt wurden, wir diese anerkannt haben oder wenn Ihre Gegenanspr\u00fcche unstreitig sind. Dies gilt auch, wenn Sie M\u00e4ngelr\u00fcgen oder Gegenanspr\u00fcche geltend machen. Als K\u00e4ufer d\u00fcrfen Sie ein Zur\u00fcckbehaltungsrecht jedoch nur dann aus\u00fcben, wenn Ihr Gegenanspruch auf demselben Kaufvertrag beruht.<\/p><p><strong>\u00a7 5 Lieferfrist und Lieferverzug<\/strong><\/p><p>(1) Die Liefertermine oder Fristen sind ausschlie\u00dflich unverbindliche Angaben, es sei denn, diese sind zwischen Ihnen und uns ausdr\u00fccklich als verbindlich vereinbart worden.<br \/>(2) Der Eintritt des Lieferverzugs bestimmt sich nach den gesetzlichen Vorschriften. In jedem Fall ist aber eine Mahnung durch Sie erforderlich.<br \/>(3) Falls wir eine ausdr\u00fccklich als verbindlich vereinbarte Frist schuldhaft nicht einhalten oder wenn wir aus einem anderen Grund in Verzug geraten, so m\u00fcssen Sie uns eine angemessene Nachfrist zur Bewirkung unserer Leistung setzen. Wenn wir diese Nachfrist fruchtlos verstreichen lassen, so sind Sie berechtigt, vom Kaufvertrag zur\u00fcckzutreten.<br \/>Sofern wir verbindliche Lieferfristen aus Gr\u00fcnden, die wir nicht zu vertreten haben, nicht einhalten k\u00f6nnen (Nichtverf\u00fcgbarkeit der Leistung), werden wir Sie hier\u00fcber unverz\u00fcglich informieren und gleichzeitig die voraussichtliche, neue Lieferfrist mitteilen. Ist die Leistung auch innerhalb der neuen Lieferfrist nicht verf\u00fcgbar, sind wir berechtigt, ganz oder teilweise vom Vertrag zur\u00fcckzutreten; eine bereits erbrachte Gegenleistung werden wir unverz\u00fcglich erstatten.<br \/>(4) Wenn der Lieferverzug auf der schuldhaften Verletzung einer wesentlichen Vertragspflicht oder auf der schuldhaften Verletzung einer Pflicht beruht, deren Erf\u00fcllung die ordnungsgem\u00e4\u00dfe Durchf\u00fchrung des Vertrags \u00fcberhaupt erst erm\u00f6glicht und auf deren Einhaltung Sie als K\u00e4ufer regelm\u00e4\u00dfig vertrauen d\u00fcrfen und haben wir diese Pflichtverletzung zu vertreten, so haften wir nach den gesetzlichen Bestimmungen. Im Falle einfacher Fahrl\u00e4ssigkeit ist unsere Haftung jedoch auf den vorhersehbaren und typischerweise eintretenden Schaden begrenzt.<\/p><p><strong>\u00a7 6 Lieferung, Gefahr\u00fcbergang, Abnahme, Annahmeverzug<\/strong><\/p><p>(1) Die Lieferung erfolgt ab Lager, wo auch der Erf\u00fcllungsort ist. Auf Verlangen des K\u00e4ufers wird die Ware an einen anderen Bestimmungsort versandt (Versendungskauf). Wir sind zu Teillieferungen und Teilleistungen jederzeit berechtigt, sofern Ihnen dies zumutbar ist.<br \/>(2) Die Gefahr des zuf\u00e4lligen Untergangs und der zuf\u00e4lligen Verschlechterung der Ware geht mit der \u00dcbergabe, beim Versendungskauf mit Auslieferung der Ware an den Spediteur, den Frachtf\u00fchrer oder der sonst zur Ausf\u00fchrung der Versendung bestimmten Person oder Anstalt \u00fcber. Soweit eine Abnahme vereinbart ist, ist diese f\u00fcr den Gefahr\u00fcbergang ma\u00dfgebend. Auch im \u00dcbrigen gelten f\u00fcr eine vereinbarte Abnahme die gesetzlichen Vorschriften des Werkvertragsrechts entsprechend. Der \u00dcbergabe bzw. Abnahme steht es gleich, wenn der K\u00e4ufer im Verzug der Annahme ist.<br \/>(3) Kommen Sie in Annahmeverzug, unterlassen eine Mitwirkungshandlung oder verz\u00f6gert sich unsere Lieferung aus anderen, von Ihnen zu vertretenden Gr\u00fcnden, so sind wir berechtigt, Ersatz des hieraus entstehenden Schadens einschlie\u00dflich Mehraufwendungen (z.B. Lagerkosten) zu verlangen.<\/p><p><strong>\u00a7 7 Eigentumsvorbehalt<\/strong><\/p><p>Bis zur vollst\u00e4ndigen Bezahlung aller unserer gegenw\u00e4rtigen und k\u00fcnftigen Forderungen aus dem Kaufvertrag und einer laufenden Gesch\u00e4ftsbeziehung (gesicherte Forderungen) behalten wir uns das Eigentum an den verkauften Waren vor.<\/p><p><strong>\u00a7 8 Farbbezeichnungen und Gr\u00f6\u00dfenangaben<\/strong><\/p><p>Die in unseren Publikationen (Katalog, Internet etc.) angegebenen Farbbezeichnungen und Gr\u00f6\u00dfenangaben unterliegen keinen Normen. R\u00fcckschl\u00fcsse auf bestimmte Abmessungen oder Farbvorstellungen sind aufgrund dieser Angaben nicht m\u00f6glich. Selbst innerhalb einer Marke k\u00f6nnen unterschiedliche Artikel (z.B. Poloshirt und T-Shirt) bei gleicher Gr\u00f6\u00dfenangabe v\u00f6llig unterschiedliche Abmessungen haben. Insbesondere bei sog. Slim-Fit\/Body-Fit-Shirts m\u00fcssen die Gr\u00f6\u00dfenl\u00e4ufe nicht mit den Unisex-Artikeln der gleichen Marke \u00fcbereinstimmen. \u00c4hnliches gilt f\u00fcr Damen- und Herrenshirts des gleichen Herstellers. Es ist selbstverst\u00e4ndlich, dass Damenshirts anders geschnitten sind als die entsprechenden Herrenshirts obwohl die Gr\u00f6\u00dfenangabe v\u00f6llig identisch ist.<br \/>Dieselbe Farbbezeichnung kann bei unterschiedlichen Marken oder auch unterschiedlichen Artikeln einer Marke v\u00f6llig anders aussehen. Leider l\u00e4sst sich dieses Problem auch nicht durch die im Katalog abgedruckten Farbbalken l\u00f6sen. Jeder abgedruckte Farbbalken im Katalog erscheint unter verschiedenen Lichtquellen anders und eine Textilfarbgebung zu 100% im Papierdruck darzustellen ist nahezu unm\u00f6glich.<br \/>Abweichungen in Gr\u00f6\u00dfe und Farbe begr\u00fcnden deshalb in der Regel keine Mangelanspr\u00fcche. Die Waren-R\u00fccksendung nach \u00a7 11 bleibt davon selbstverst\u00e4ndlich unber\u00fchrt.<br \/>Eindringlich hingewiesen werden soll hier auch darauf, dass jeder Textilartikel aus Baumwolle bzw. Baumwoll- Polyestergemisch vor dem ersten Tragen gewaschen werden muss. Aufgrund der (v\u00f6llig unbedenklichen und ungef\u00e4hrlichen) chemischen R\u00fcckst\u00e4nde bei Textilien kann bei es bei sofortigem ungewaschenen Tragen insbesondere unter UV-Einwirkung zu chemischen Reaktionen zwischen K\u00f6rperschwei\u00df und den R\u00fcckst\u00e4nden kommen. Die dadurch entstehenden Farbbeeintr\u00e4chtigungen bleiben auch nach sp\u00e4teren W\u00e4schen bestehen. Beanstandungen bzw. Reklamationen hierf\u00fcr sind in der Regel ausgeschlossen.<\/p><p><strong>\u00a7 9 M\u00e4ngelanspr\u00fcche des K\u00e4ufers<\/strong><\/p><p>(1) Soweit der gelieferte Gegenstand nicht die zwischen Ihnen und uns vereinbarte Beschaffenheit hat oder er sich nicht f\u00fcr die nach unserem Vertrag vorausgesetzte oder die Verwendung allgemein eignet, so sind wir zur Nacherf\u00fcllung verpflichtet. Dies gilt nicht, wenn wir aufgrund der gesetzlichen Regelung zur Verweigerung der Nacherf\u00fcllung berechtigt sind. Sie m\u00fcssen uns eine angemessene Frist zur Nacherf\u00fcllung gew\u00e4hren.<br \/>(2) Ihre M\u00e4ngelanspr\u00fcche setzen voraus, dass Sie Ihren gesetzlichen Untersuchungs- und R\u00fcgepflichten (\u00a7\u00a7 377, 381 HGB) nachgekommen sind. Beanstandungen sind unverz\u00fcglich, sp\u00e4testens innerhalb von 3-4 Werktagen \u2013 bei versteckten M\u00e4ngeln sofort nach Bekanntwerden \u2013 schriftlich an uns zu richten.<br \/>Die Ware muss vor dem Veredeln (Besticken, Bedrucken o.\u00e4.) von Ihnen oder dem Veredelungsbetrieb auf etwaige M\u00e4ngel untersucht werden.<br \/>Sollten sp\u00e4ter M\u00e4ngelanspr\u00fcche an einer nicht von uns veredelten Ware geltend gemacht werden, so k\u00f6nnen ggf. bei einem Dritten entstandene Weiterveredelungskosten nur bis zur H\u00f6he der in unserer Preisliste f\u00fcr Textilveredelung vorgesehenen Betr\u00e4ge geltend gemacht werden.<br \/>(3) Beanstandete Ware ist uns zu einem vereinbarten Termin an einem vereinbarten Ort zur Verf\u00fcgung zu stellen. Wurde die Ware bereits weitergeliefert oder an mehrere Empf\u00e4nger verteilt, gehen die Kosten f\u00fcr das Zusammenstellen der beanstandeten Ware nicht zu unseren Lasten.25<br \/>(4) Die Nacherf\u00fcllung erfolgt nach Ihrer Wahl durch Beseitigung des Mangels (Nachbesserung) oder Lieferung einer mangelfreien Sache (Ersatzlieferung). Sie sind w\u00e4hrend der Nacherf\u00fcllung nicht berechtigt, den Kaufpreis herabzusetzen oder vom Vertrag zur\u00fcckzutreten. Haben wir die Nachbesserung dreimal vergeblich versucht, so gilt diese als fehlgeschlagen. Wenn die Nachbesserung fehlgeschlagen ist, sind Sie nach Ihrer Wahl berechtigt, den Kaufpreis herabzusetzen oder vom Vertrag zur\u00fcckzutreten.<br \/>(5) Sie k\u00f6nnen Schadensersatzanspr\u00fcche wegen eines Mangels erst dann geltend machen, wenn die Nacherf\u00fcllung fehlgeschlagen ist. Unber\u00fchrt bleibt Ihr Recht, weitergehende Schadensersatzanspr\u00fcche zu den nachfolgenden Bedingungen geltend zu machen.<\/p><p><strong>\u00a7 10 Sonstige Haftung<\/strong><\/p><p>(1) Soweit sich aus diesen AVB einschlie\u00dflich der nachfolgenden Bestimmungen nichts anderes ergibt, haften wir bei einer Verletzung von vertraglichen und au\u00dfervertraglichen Pflichten nach den einschl\u00e4gigen gesetzlichen Vorschriften.<br \/>(2) Auf Schadensersatz haften wir \u2013 gleich aus welchem Rechtsgrund \u2013 bei Vorsatz und grober Fahrl\u00e4ssigkeit. Bei einfacher Fahrl\u00e4ssigkeit haften wir nur<br \/>a) f\u00fcr Sch\u00e4den aus der Verletzung des Lebens, des K\u00f6rpers oder der Gesundheit,<br \/>b) f\u00fcr Sch\u00e4den aus der Verletzung einer wesentlichen Vertragspflicht (Verpflichtung, deren Erf\u00fcllung die ordnungsgem\u00e4\u00dfe Durchf\u00fchrung des Vertrags \u00fcberhaupt erst erm\u00f6glicht und auf deren Einhaltung der Vertragspartner regelm\u00e4\u00dfig vertraut und vertrauen darf); in diesem Fall ist unsere Haftung jedoch auf den Ersatz des vorhersehbaren, typischerweise eintretenden Schadens begrenzt.<br \/>(3) Die sich aus Abs. 2 ergebenden Haftungsbeschr\u00e4nkungen gelten nicht, soweit wir einen Mangel arglistig verschwiegen oder eine Garantie f\u00fcr die Beschaffenheit der Ware \u00fcbernommen haben. Das gleiche gilt f\u00fcr Anspr\u00fcche des K\u00e4ufers nach dem Produkthaftungsgesetz.<br \/>(4) Wegen einer Pflichtverletzung, die nicht in einem Mangel besteht, kann der K\u00e4ufer nur zur\u00fccktreten oder k\u00fcndigen, wenn wir die Pflichtverletzung zu vertreten haben. Ein freies K\u00fcndigungsrecht des K\u00e4ufers (insbesondere gem \u00a7\u00a7 651, 649 BGB) wird ausgeschlossen. Im \u00dcbrigen gelten die gesetzlichen Voraussetzungen und Rechtsfolgen.<\/p><p><strong>\u00a7 11 Waren \u2013 R\u00fccksendungen<\/strong><\/p><p>(1) Die R\u00fccksendung neuwertiger, unveredelter Ware wird unter den in Absatz 3 und 4 genannten Voraussetzungen dann akzeptiert, wenn die Lieferung nicht l\u00e4nger als zwei Wochen zur\u00fcckliegt. Werkseitig einzelverpackte Hemden und Blusen k\u00f6nnen nach dem Auspacken grunds\u00e4tzlich nicht zur\u00fcckgenommen werden. Gleiches gilt f\u00fcr veredelte Waren.<br \/>(2) Ist der Grund der R\u00fccksendung ein Lieferantenfehler, holen wir die Ware bei Ihnen ab. Die Abholung kann telefonisch, per Fax oder per eMail angefordert werden. M\u00f6glich ist auch die R\u00fccksendung der Ware durch Sie. Die Kosten f\u00fcr die R\u00fccksendung werden von uns \u00fcbernommen, sofern sie die Kosten einer Abholung nicht \u00fcberschreiten. Nach der Retoure erhalten Sie eine Gutschrift \u00fcber den Warenwert inklusive aller Versandkosten ohne Abzug.<br \/>(3) Liegt kein Lieferantenfehler vor, senden Sie uns die Ware zu. In diesem Fall erhalten Sie nach Bearbeitung der Retoure eine Gutschrift \u00fcber den Warenwert. abz\u00fcglich 10% Handlingskosten. Versandkosten werden in diesem Fall nicht gutgeschrieben. Sofern wir in abgesprochenen Ausnahmef\u00e4llen abweichend von der Regelung in Absatz 1 auch ausgepackte Hemden und Blusen zur\u00fccknehmen, betragen die Handlingskosten f\u00fcr diese Artikel 50%.<\/p><p><strong>\u00a7 12 Verj\u00e4hrung<\/strong><\/p><p>(1) Die wechselseitigen Anspr\u00fcche der Vertragsparteien verj\u00e4hren nach den gesetzlichen Vorschriften, soweit nachfolgend nichts anderes bestimmt ist.<br \/>(2) Abweichend von \u00a7 438 Abs. 1 Nr. 3 BGB betr\u00e4gt die allgemeine Verj\u00e4hrungsfrist f\u00fcr Anspr\u00fcche aus Sach- und Rechtsm\u00e4ngeln ein Jahr ab Ablieferung. Soweit eine Abnahme vereinbart ist, beginnt die Verj\u00e4hrung mit der Abnahme.<br \/>(3) Unber\u00fchrt bleiben gesetzliche Sonderegelungen f\u00fcr dingliche Herausgabeanspr\u00fcche Dritter (\u00a7 438 Abs. 1 Nr. 1 BGB), f\u00fcr Anspr\u00fcche im Lieferantenregress (\u00a7 479 BGB) sowie f\u00fcr die in \u00a7 10 Abs. 2 und 3 genannten Schadensersatzanspr\u00fcche. In diesen F\u00e4llen gelten ausschlie\u00dflich die gesetzlichen Verj\u00e4hrungsvorschriften.<\/p><p><strong>\u00a7 13 Urheberrecht<\/strong><\/p><p>Als Auftraggeber haften Sie allein, wenn durch die Ausf\u00fchrung Ihres Auftrags Rechte, insbesondere Urheberrechte Dritter verletzt werden. Sie haben den Auftragnehmer von allen Anspr\u00fcchen Dritter wegen solcher Rechtsverletzung freizustellen.<\/p><p><strong>\u00a7 14 Rechtswahl und Gerichtsstand<\/strong><\/p><p>(1) F\u00fcr diese AVB und alle Rechtsbeziehungen zwischen uns und Ihnen gilt das Recht der Bundesrepublik Deutschland unter Ausschluss aller internationalen und supranationalen (Vertrags-) Rechtsordnungen, insbesondere des UN-Kaufrechts. Voraussetzungen und Wirkungen des Eigentumsvorbehalts gem. \u00a7 6 unterliegen hingegen dem Recht am jeweiligen Lageort der Sache, soweit danach die getroffene Rechtswahl zugunsten des deutschen Rechts unzul\u00e4ssig oder unwirksam ist.<br \/>(2) Ist der K\u00e4ufer Kaufmann i.S.d. Handelsgesetzbuchs, juristische Person des \u00f6ffentlichen Rechts oder ein \u00f6ffentlich-rechtliches Sonderverm\u00f6gen, ist ausschlie\u00dflicher \u2013 auch internationaler \u2013 Gerichtsstand f\u00fcr alle sich aus dem Vertragsverh\u00e4ltnis unmittelbar oder mittelbar ergebenden Streitigkeiten unser Gesch\u00e4ftssitz. Wir sind jedoch auch berechtigt, Klage am allgemeinen Gerichtsstand des K\u00e4ufers zu erheben.<\/p><p><strong>\u00a7 15 Salvatorische Klausel<\/strong><\/p><p>Sollten einzelne Bestimmungen dieser AVB ganz oder teilweise unwirksam sein oder werden, oder sollten sie eine Regelungsl\u00fccke enthalten, bleibt die Wirksamkeit der \u00fcbrigen Bestimmungen oder Teile solcher Bestimmungen unber\u00fchrt. Anstelle der unwirksamen oder fehlenden Bestimmungen treten die jeweiligen gesetzlichen Regelungen.<\/p><p><strong>Alternative Streitbeilegung gem\u00e4\u00df Art. 14 Abs. 1 ODR-VO und \u00a7 36 VSBG:<\/strong><\/p><p>Die Europ\u00e4ische Kommission stellt eine Plattform zur Online-Streitbeilegung (OS) bereit, die du unter\u00a0<a href=\"https:\/\/ec.europa.eu\/consumers\/odr\" target=\"_blank\" rel=\"noopener\">https:\/\/ec.europa.eu\/consumers\/odr<\/a>\u00a0findest. Zur Teilnahme an einem Streitbeilegungsverfahren vor einer Verbraucherschlichtungsstelle sind wir nicht verpflichtet und nicht bereit.netto<\/p>\t\t\t\t\t\t\t\t<\/div>\n\t\t\t\t<\/div>\n\t\t\t\t\t<\/div>\n\t\t<\/div>\n\t\t\t\t\t<\/div>\n\t\t<\/section>\n\t\t\t\t<\/div>\n\t\t","protected":false},"excerpt":{"rendered":"<p>AGB Unser Angebot richtet sich an gewerbliche Kunden. Informationen zur Online-Streitbeilegung: Die Europ\u00e4ische Kommission stellt eine Plattform f\u00fcr die au\u00dfergerichtliche Online-Streitbeilegung (OS-Plattform) bereit, die unter\u00a0www.ec.europa.eu\/consumers\/odr\u00a0aufrufbar ist. Unsere E-Mail-Adresse ist\u00a0info(at)schilling-textilien.de. Wir sind weder verpflichtet noch bereit, an dem Streitschlichtungsverfahren teilzunehmen.Bei R\u00fcckfragen informieren wir Sie gern unter\u00a0info(at)schilling-textilien.de. Allgemeine Verkaufsbedingungen (AVB) f\u00fcr Unternehmer \u00a7 1 Allgemeines, Geltungsbereich (1) [&hellip;]<\/p>\n","protected":false},"author":1,"featured_media":0,"parent":0,"menu_order":0,"comment_status":"closed","ping_status":"closed","template":"elementor_header_footer","meta":{"footnotes":""},"class_list":["post-421","page","type-page","status-publish","hentry"],"_links":{"self":[{"href":"https:\/\/schicotex.de\/teambekleidung\/wp-json\/wp\/v2\/pages\/421","targetHints":{"allow":["GET"]}}],"collection":[{"href":"https:\/\/schicotex.de\/teambekleidung\/wp-json\/wp\/v2\/pages"}],"about":[{"href":"https:\/\/schicotex.de\/teambekleidung\/wp-json\/wp\/v2\/types\/page"}],"author":[{"embeddable":true,"href":"https:\/\/schicotex.de\/teambekleidung\/wp-json\/wp\/v2\/users\/1"}],"replies":[{"embeddable":true,"href":"https:\/\/schicotex.de\/teambekleidung\/wp-json\/wp\/v2\/comments?post=421"}],"version-history":[{"count":10,"href":"https:\/\/schicotex.de\/teambekleidung\/wp-json\/wp\/v2\/pages\/421\/revisions"}],"predecessor-version":[{"id":1015,"href":"https:\/\/schicotex.de\/teambekleidung\/wp-json\/wp\/v2\/pages\/421\/revisions\/1015"}],"wp:attachment":[{"href":"https:\/\/schicotex.de\/teambekleidung\/wp-json\/wp\/v2\/media?parent=421"}],"curies":[{"name":"wp","href":"https:\/\/api.w.org\/{rel}","templated":true}]}}