{"id":419,"date":"2023-10-21T13:28:31","date_gmt":"2023-10-21T13:28:31","guid":{"rendered":"https:\/\/schicotex.de\/teambekleidung\/?page_id=419"},"modified":"2025-06-27T12:47:08","modified_gmt":"2025-06-27T10:47:08","slug":"versandkosten-rueckgaben","status":"publish","type":"page","link":"https:\/\/schicotex.de\/teambekleidung\/versandkosten-rueckgaben\/","title":{"rendered":"Versandkosten \/ R\u00fcckgaben"},"content":{"rendered":"\t\t<div data-elementor-type=\"wp-page\" data-elementor-id=\"419\" class=\"elementor elementor-419\" data-elementor-post-type=\"page\">\n\t\t\t\t\t\t<section class=\"elementor-section elementor-top-section elementor-element elementor-element-71a0cf8 elementor-section-boxed elementor-section-height-default elementor-section-height-default\" data-id=\"71a0cf8\" data-element_type=\"section\" data-e-type=\"section\">\n\t\t\t\t\t\t<div class=\"elementor-container elementor-column-gap-default\">\n\t\t\t\t\t<div class=\"elementor-column elementor-col-100 elementor-top-column elementor-element elementor-element-c3ce974\" data-id=\"c3ce974\" data-element_type=\"column\" data-e-type=\"column\">\n\t\t\t<div class=\"elementor-widget-wrap elementor-element-populated\">\n\t\t\t\t\t\t<div class=\"elementor-element elementor-element-4063af1 elementor-widget elementor-widget-text-editor\" data-id=\"4063af1\" data-element_type=\"widget\" data-e-type=\"widget\" data-widget_type=\"text-editor.default\">\n\t\t\t\t<div class=\"elementor-widget-container\">\n\t\t\t\t\t\t\t\t\t<h1>Versandkosten \/ R\u00fcckgaben<\/h1><p><strong>Versand<\/strong><\/p><p>Lieferungen erfolgen ab Lager auf Rechnung und Gefahr des Auftraggebers. Der Versand erfolgt mit einem Frachtf\u00fchrer unserer Wahl. Versandkosten werden pauschal pro Karton berechnet. Damit sind alle Kosten f\u00fcr Verpackung, Lieferpapiere und die bei Normalversand \u00fcbliche Transport- und Zustellungskosten abgegolten.<\/p><p>Soll oder muss die Lieferung zur Einhaltung des vereinbarten Liefertermins per Express, Kurier oder vergleichbaren Diensten erfolgen, gehen die hierf\u00fcr anfallenden Kosten zu Lasten des Auftraggebers.<\/p><ul><li>Original verpackte Ware wird kostenfrei zur\u00fcck genommen, Versandkosten sind vom Kunden zu tragen<\/li><li>Individuell veredelte Waren, sowie andersfarbige Artikel als im Shop aufgef\u00fchrt sind vom Umtausch ausgeschlossen<\/li><li>Zahlungskondition: 10 Tage netto\/kein Skonto<\/li><li>Lieferzeit: je nach Artikel 2-14 Tage<\/li><\/ul><p>Versandkosten pauschal f\u00fcr Deutschland: 6,90 \u20ac<\/p><p>Versand nur innerhalb Deutschlands.<\/p><p><strong>R\u00fcckgaben<\/strong><\/p><p>Wenn Sie Ware zur\u00fcckschicken m\u00f6chten, f\u00fcllen Sie bitte einen Retourenschein aus und schicken uns die Ware an die dort aufgef\u00fchrte Adresse.<br \/><strong>R\u00fcckgaben k\u00f6nnen nur innerhalb von 14 Tagen nach Erhalt der Ware akzeptiert werden.<\/strong><\/p>\t\t\t\t\t\t\t\t<\/div>\n\t\t\t\t<\/div>\n\t\t\t\t<div class=\"elementor-element elementor-element-3a58c61 elementor-widget elementor-widget-button\" data-id=\"3a58c61\" data-element_type=\"widget\" data-e-type=\"widget\" data-widget_type=\"button.default\">\n\t\t\t\t<div class=\"elementor-widget-container\">\n\t\t\t\t\t\t\t\t\t<div class=\"elementor-button-wrapper\">\n\t\t\t\t\t<a class=\"elementor-button elementor-button-link elementor-size-md\" href=\"https:\/\/schicotex.de\/teambekleidung\/wp-content\/uploads\/2023\/11\/Retourenschein_Schicotex_2023.pdf\" target=\"_blank\">\n\t\t\t\t\t\t<span class=\"elementor-button-content-wrapper\">\n\t\t\t\t\t\t<span class=\"elementor-button-icon\">\n\t\t\t\t<i aria-hidden=\"true\" class=\"fas fa-file-pdf\"><\/i>\t\t\t<\/span>\n\t\t\t\t\t\t\t\t\t<span class=\"elementor-button-text\">Retourenschein Download<\/span>\n\t\t\t\t\t<\/span>\n\t\t\t\t\t<\/a>\n\t\t\t\t<\/div>\n\t\t\t\t\t\t\t\t<\/div>\n\t\t\t\t<\/div>\n\t\t\t\t\t<\/div>\n\t\t<\/div>\n\t\t\t\t\t<\/div>\n\t\t<\/section>\n\t\t\t\t<\/div>\n\t\t","protected":false},"excerpt":{"rendered":"<p>Versandkosten \/ R\u00fcckgaben Versand Lieferungen erfolgen ab Lager auf Rechnung und Gefahr des Auftraggebers. Der Versand erfolgt mit einem Frachtf\u00fchrer unserer Wahl. Versandkosten werden pauschal pro Karton berechnet. Damit sind alle Kosten f\u00fcr Verpackung, Lieferpapiere und die bei Normalversand \u00fcbliche Transport- und Zustellungskosten abgegolten. Soll oder muss die Lieferung zur Einhaltung des vereinbarten Liefertermins per [&hellip;]<\/p>\n","protected":false},"author":1,"featured_media":0,"parent":0,"menu_order":0,"comment_status":"closed","ping_status":"closed","template":"elementor_header_footer","meta":{"footnotes":""},"class_list":["post-419","page","type-page","status-publish","hentry"],"_links":{"self":[{"href":"https:\/\/schicotex.de\/teambekleidung\/wp-json\/wp\/v2\/pages\/419","targetHints":{"allow":["GET"]}}],"collection":[{"href":"https:\/\/schicotex.de\/teambekleidung\/wp-json\/wp\/v2\/pages"}],"about":[{"href":"https:\/\/schicotex.de\/teambekleidung\/wp-json\/wp\/v2\/types\/page"}],"author":[{"embeddable":true,"href":"https:\/\/schicotex.de\/teambekleidung\/wp-json\/wp\/v2\/users\/1"}],"replies":[{"embeddable":true,"href":"https:\/\/schicotex.de\/teambekleidung\/wp-json\/wp\/v2\/comments?post=419"}],"version-history":[{"count":31,"href":"https:\/\/schicotex.de\/teambekleidung\/wp-json\/wp\/v2\/pages\/419\/revisions"}],"predecessor-version":[{"id":4037,"href":"https:\/\/schicotex.de\/teambekleidung\/wp-json\/wp\/v2\/pages\/419\/revisions\/4037"}],"wp:attachment":[{"href":"https:\/\/schicotex.de\/teambekleidung\/wp-json\/wp\/v2\/media?parent=419"}],"curies":[{"name":"wp","href":"https:\/\/api.w.org\/{rel}","templated":true}]}}