{"id":417,"date":"2023-10-21T13:28:15","date_gmt":"2023-10-21T13:28:15","guid":{"rendered":"https:\/\/schicotex.de\/teambekleidung\/?page_id=417"},"modified":"2026-01-28T12:46:48","modified_gmt":"2026-01-28T11:46:48","slug":"zahlungsarten","status":"publish","type":"page","link":"https:\/\/schicotex.de\/teambekleidung\/zahlungsarten\/","title":{"rendered":"Zahlungsarten"},"content":{"rendered":"\t\t<div data-elementor-type=\"wp-page\" data-elementor-id=\"417\" class=\"elementor elementor-417\" data-elementor-post-type=\"page\">\n\t\t\t\t\t\t<section class=\"elementor-section elementor-top-section elementor-element elementor-element-8efdb7f elementor-section-boxed elementor-section-height-default elementor-section-height-default\" data-id=\"8efdb7f\" data-element_type=\"section\" data-e-type=\"section\">\n\t\t\t\t\t\t<div class=\"elementor-container elementor-column-gap-default\">\n\t\t\t\t\t<div class=\"elementor-column elementor-col-100 elementor-top-column elementor-element elementor-element-1421b78\" data-id=\"1421b78\" data-element_type=\"column\" data-e-type=\"column\">\n\t\t\t<div class=\"elementor-widget-wrap elementor-element-populated\">\n\t\t\t\t\t\t<div class=\"elementor-element elementor-element-092b945 elementor-widget elementor-widget-text-editor\" data-id=\"092b945\" data-element_type=\"widget\" data-e-type=\"widget\" data-widget_type=\"text-editor.default\">\n\t\t\t\t<div class=\"elementor-widget-container\">\n\t\t\t\t\t\t\t\t\t<h1>Zahlungsarten<\/h1><p>Wir beliefern ausschlie\u00dflich Esso-Filialen mit Bezahlung auf Rechnung oder Bankeinzug \u00fcber unseren Zahlungsdienstleister Secupay AG.<\/p><p>Zus\u00e4tzlich bieten wir als Zahlungsm\u00f6glichkeit PayPal an.<\/p>\t\t\t\t\t\t\t\t<\/div>\n\t\t\t\t<\/div>\n\t\t\t\t\t<\/div>\n\t\t<\/div>\n\t\t\t\t\t<\/div>\n\t\t<\/section>\n\t\t\t\t<\/div>\n\t\t","protected":false},"excerpt":{"rendered":"<p>Zahlungsarten Wir beliefern ausschlie\u00dflich Esso-Filialen mit Bezahlung auf Rechnung oder Bankeinzug \u00fcber unseren Zahlungsdienstleister Secupay AG. Zus\u00e4tzlich bieten wir als Zahlungsm\u00f6glichkeit PayPal an.<\/p>\n","protected":false},"author":1,"featured_media":0,"parent":0,"menu_order":0,"comment_status":"closed","ping_status":"closed","template":"elementor_header_footer","meta":{"footnotes":""},"class_list":["post-417","page","type-page","status-publish","hentry"],"_links":{"self":[{"href":"https:\/\/schicotex.de\/teambekleidung\/wp-json\/wp\/v2\/pages\/417","targetHints":{"allow":["GET"]}}],"collection":[{"href":"https:\/\/schicotex.de\/teambekleidung\/wp-json\/wp\/v2\/pages"}],"about":[{"href":"https:\/\/schicotex.de\/teambekleidung\/wp-json\/wp\/v2\/types\/page"}],"author":[{"embeddable":true,"href":"https:\/\/schicotex.de\/teambekleidung\/wp-json\/wp\/v2\/users\/1"}],"replies":[{"embeddable":true,"href":"https:\/\/schicotex.de\/teambekleidung\/wp-json\/wp\/v2\/comments?post=417"}],"version-history":[{"count":22,"href":"https:\/\/schicotex.de\/teambekleidung\/wp-json\/wp\/v2\/pages\/417\/revisions"}],"predecessor-version":[{"id":4756,"href":"https:\/\/schicotex.de\/teambekleidung\/wp-json\/wp\/v2\/pages\/417\/revisions\/4756"}],"wp:attachment":[{"href":"https:\/\/schicotex.de\/teambekleidung\/wp-json\/wp\/v2\/media?parent=417"}],"curies":[{"name":"wp","href":"https:\/\/api.w.org\/{rel}","templated":true}]}}